{"id":844,"date":"2022-12-05T03:28:43","date_gmt":"2022-12-05T03:28:43","guid":{"rendered":"https:\/\/produczion.com\/?page_id=844"},"modified":"2024-05-01T13:16:29","modified_gmt":"2024-05-01T13:16:29","slug":"raspberry_pi_4_b","status":"publish","type":"page","link":"https:\/\/produczion.com\/?page_id=844","title":{"rendered":"RASPBERRY_PI_4_B"},"content":{"rendered":"\t\t<div data-elementor-type=\"wp-page\" data-elementor-id=\"844\" class=\"elementor elementor-844\">\n\t\t\t\t\t\t<section class=\"elementor-section elementor-top-section elementor-element elementor-element-8fe2797 elementor-section-full_width elementor-section-height-default elementor-section-height-default\" data-id=\"8fe2797\" data-element_type=\"section\" data-e-type=\"section\">\n\t\t\t\t\t\t<div class=\"elementor-container elementor-column-gap-default\">\n\t\t\t\t\t<div class=\"elementor-column elementor-col-100 elementor-top-column elementor-element elementor-element-6f7d53e\" data-id=\"6f7d53e\" data-element_type=\"column\" data-e-type=\"column\">\n\t\t\t<div class=\"elementor-widget-wrap elementor-element-populated\">\n\t\t\t\t\t\t<div class=\"elementor-element elementor-element-a1000a5 elementor-widget elementor-widget-shortcode\" data-id=\"a1000a5\" data-element_type=\"widget\" data-e-type=\"widget\" data-widget_type=\"shortcode.default\">\n\t\t\t\t<div class=\"elementor-widget-container\">\n\t\t\t\t\t\t\t<div class=\"elementor-shortcode\">[hfe_template id='946']<\/div>\n\t\t\t\t\t\t<\/div>\n\t\t\t\t<\/div>\n\t\t\t\t\t<\/div>\n\t\t<\/div>\n\t\t\t\t\t<\/div>\n\t\t<\/section>\n\t\t\t\t<section class=\"elementor-section elementor-top-section elementor-element elementor-element-4506a7d elementor-section-boxed elementor-section-height-default elementor-section-height-default\" data-id=\"4506a7d\" data-element_type=\"section\" data-e-type=\"section\">\n\t\t\t\t\t\t<div class=\"elementor-container elementor-column-gap-default\">\n\t\t\t\t\t<div class=\"elementor-column elementor-col-100 elementor-top-column elementor-element elementor-element-096bce0\" data-id=\"096bce0\" data-element_type=\"column\" data-e-type=\"column\">\n\t\t\t<div class=\"elementor-widget-wrap elementor-element-populated\">\n\t\t\t\t\t\t<div class=\"elementor-element elementor-element-97986ce elementor-widget elementor-widget-spacer\" data-id=\"97986ce\" data-element_type=\"widget\" data-e-type=\"widget\" data-widget_type=\"spacer.default\">\n\t\t\t\t<div class=\"elementor-widget-container\">\n\t\t\t\t\t\t\t<div class=\"elementor-spacer\">\n\t\t\t<div class=\"elementor-spacer-inner\"><\/div>\n\t\t<\/div>\n\t\t\t\t\t\t<\/div>\n\t\t\t\t<\/div>\n\t\t\t\t\t<\/div>\n\t\t<\/div>\n\t\t\t\t\t<\/div>\n\t\t<\/section>\n\t\t\t\t<section class=\"elementor-section elementor-top-section elementor-element elementor-element-be13190 elementor-section-boxed elementor-section-height-default elementor-section-height-default\" data-id=\"be13190\" data-element_type=\"section\" data-e-type=\"section\">\n\t\t\t\t\t\t<div class=\"elementor-container elementor-column-gap-default\">\n\t\t\t\t\t<div class=\"elementor-column elementor-col-100 elementor-top-column elementor-element elementor-element-a3f7516\" data-id=\"a3f7516\" data-element_type=\"column\" data-e-type=\"column\">\n\t\t\t<div class=\"elementor-widget-wrap elementor-element-populated\">\n\t\t\t\t\t\t<div class=\"elementor-element elementor-element-2d16c27 elementor-widget elementor-widget-heading\" data-id=\"2d16c27\" data-element_type=\"widget\" data-e-type=\"widget\" data-widget_type=\"heading.default\">\n\t\t\t\t<div class=\"elementor-widget-container\">\n\t\t\t\t\t<h2 class=\"elementor-heading-title elementor-size-default\">RASPBERRY PI 4 B<\/h2>\t\t\t\t<\/div>\n\t\t\t\t<\/div>\n\t\t\t\t\t<\/div>\n\t\t<\/div>\n\t\t\t\t\t<\/div>\n\t\t<\/section>\n\t\t\t\t<section class=\"elementor-section elementor-top-section elementor-element elementor-element-dae0c0d elementor-section-boxed elementor-section-height-default elementor-section-height-default\" data-id=\"dae0c0d\" data-element_type=\"section\" data-e-type=\"section\">\n\t\t\t\t\t\t<div class=\"elementor-container elementor-column-gap-default\">\n\t\t\t\t\t<div class=\"elementor-column elementor-col-100 elementor-top-column elementor-element elementor-element-d3ab932\" data-id=\"d3ab932\" data-element_type=\"column\" data-e-type=\"column\">\n\t\t\t<div class=\"elementor-widget-wrap elementor-element-populated\">\n\t\t\t\t\t\t<div class=\"elementor-element elementor-element-d75f7ea elementor-widget elementor-widget-image\" data-id=\"d75f7ea\" data-element_type=\"widget\" data-e-type=\"widget\" data-widget_type=\"image.default\">\n\t\t\t\t<div class=\"elementor-widget-container\">\n\t\t\t\t\t\t\t\t\t\t\t\t\t\t\t<img fetchpriority=\"high\" decoding=\"async\" width=\"257\" height=\"300\" src=\"https:\/\/produczion.com\/wp-content\/uploads\/2024\/04\/18_framboise-e1714181296921-257x300.png\" class=\"attachment-medium size-medium wp-image-1638\" alt=\"\" srcset=\"https:\/\/produczion.com\/wp-content\/uploads\/2024\/04\/18_framboise-e1714181296921-257x300.png 257w, https:\/\/produczion.com\/wp-content\/uploads\/2024\/04\/18_framboise-e1714181296921.png 521w\" sizes=\"(max-width: 257px) 100vw, 257px\" \/>\t\t\t\t\t\t\t\t\t\t\t\t\t\t\t<\/div>\n\t\t\t\t<\/div>\n\t\t\t\t\t<\/div>\n\t\t<\/div>\n\t\t\t\t\t<\/div>\n\t\t<\/section>\n\t\t\t\t<section class=\"elementor-section elementor-top-section elementor-element elementor-element-3622400 elementor-section-boxed elementor-section-height-default elementor-section-height-default\" data-id=\"3622400\" data-element_type=\"section\" data-e-type=\"section\">\n\t\t\t\t\t\t<div class=\"elementor-container elementor-column-gap-default\">\n\t\t\t\t\t<div class=\"elementor-column elementor-col-100 elementor-top-column elementor-element elementor-element-4b98a29\" data-id=\"4b98a29\" data-element_type=\"column\" data-e-type=\"column\">\n\t\t\t<div class=\"elementor-widget-wrap elementor-element-populated\">\n\t\t\t\t\t\t<div class=\"elementor-element elementor-element-72d72e7 elementor-widget elementor-widget-image\" data-id=\"72d72e7\" data-element_type=\"widget\" data-e-type=\"widget\" data-widget_type=\"image.default\">\n\t\t\t\t<div class=\"elementor-widget-container\">\n\t\t\t\t\t\t\t\t\t\t\t\t\t\t\t<img decoding=\"async\" width=\"1009\" height=\"613\" src=\"https:\/\/produczion.com\/wp-content\/uploads\/2022\/12\/raspberry-pi_comente_10.png\" class=\"attachment-large size-large wp-image-830\" alt=\"\" srcset=\"https:\/\/produczion.com\/wp-content\/uploads\/2022\/12\/raspberry-pi_comente_10.png 1009w, https:\/\/produczion.com\/wp-content\/uploads\/2022\/12\/raspberry-pi_comente_10-300x182.png 300w, https:\/\/produczion.com\/wp-content\/uploads\/2022\/12\/raspberry-pi_comente_10-768x467.png 768w\" sizes=\"(max-width: 1009px) 100vw, 1009px\" \/>\t\t\t\t\t\t\t\t\t\t\t\t\t\t\t<\/div>\n\t\t\t\t<\/div>\n\t\t\t\t\t<\/div>\n\t\t<\/div>\n\t\t\t\t\t<\/div>\n\t\t<\/section>\n\t\t\t\t<section class=\"elementor-section elementor-top-section elementor-element elementor-element-62871de elementor-section-boxed elementor-section-height-default elementor-section-height-default\" data-id=\"62871de\" data-element_type=\"section\" data-e-type=\"section\">\n\t\t\t\t\t\t<div class=\"elementor-container elementor-column-gap-default\">\n\t\t\t\t\t<div class=\"elementor-column elementor-col-100 elementor-top-column elementor-element elementor-element-2aa9265\" data-id=\"2aa9265\" data-element_type=\"column\" data-e-type=\"column\">\n\t\t\t<div class=\"elementor-widget-wrap elementor-element-populated\">\n\t\t\t\t\t\t<div class=\"elementor-element elementor-element-04cc835 elementor-widget elementor-widget-text-editor\" data-id=\"04cc835\" data-element_type=\"widget\" data-e-type=\"widget\" data-widget_type=\"text-editor.default\">\n\t\t\t\t<div class=\"elementor-widget-container\">\n\t\t\t\t\t\t\t\t\t<p>Alimentation USB-C<\/p><p>2 x Entr\u00e9s Micro HDMI 2k ou 4k<\/p><p>Connecteur cam\u00e9ra Pi<\/p><p>Connecteur 4 pole vid\u00e9o audio<\/p><p>2 x USB_2<\/p><p>2 x USB_3<\/p><p>Gigabit Ethrtnet<\/p><p>Chapeau PoE Pr\u00eat<\/p><p>Bus PCIe<\/p><p>SD Ram 2, 4, 8 Gig Ram<\/p><p>40 pics GPIO\u00a0 R\u00e9tro compatible pi-3<\/p><p>WIFI &#8211; 2.4<\/p><p>Conecteur SDI<\/p><p class=\"western\" align=\"center\"><span style=\"font-family: Arial, serif;\">Alimentation USB-C<\/span><\/p><p class=\"western\" align=\"center\"><span style=\"font-family: Arial, serif;\">2 x Entr\u00e9s Micro HDMI 2k ou 4k<\/span><\/p><p class=\"western\" align=\"center\"><span style=\"font-family: Arial, serif;\">Connecteur cam\u00e9ra Pi<\/span><\/p><p class=\"western\" align=\"center\"><span style=\"font-family: Arial, serif;\">Connecteur 4 pole vid\u00e9o audio<\/span><\/p><p class=\"western\" align=\"center\"><span style=\"font-family: Arial, serif;\">2 x USB_2<\/span><\/p><p class=\"western\" align=\"center\"><span style=\"font-family: Arial, serif;\">2 x USB_3<\/span><\/p><p class=\"western\" align=\"center\"><span style=\"font-family: Arial, serif;\">Gigabit Ethrtnet<\/span><\/p><p class=\"western\" align=\"center\"><span style=\"font-family: Arial, serif;\">Chapeau PoE Pr\u00eat<\/span><\/p><p class=\"western\" align=\"center\"><span style=\"font-family: Arial, serif;\">Bus PCIe<\/span><\/p><p class=\"western\" align=\"center\"><span style=\"font-family: Arial, serif;\">SD Ram 2, 4, 8 Gig Ram<\/span><\/p><p class=\"western\" align=\"center\"><span style=\"font-family: Arial, serif;\">40 pics GPIO\u00a0 R\u00e9tro compatible pi-3<\/span><\/p><p class=\"western\" align=\"center\"><span style=\"font-family: Arial, serif;\">WIFI \u2013 2.4<\/span><\/p><p class=\"western\" align=\"center\"><span style=\"font-family: Arial, serif;\">Conecteur SDI<\/span><\/p><p class=\"western\" align=\"center\"><span style=\"font-family: Arial, serif;\">Broadcomb 2711<\/span><\/p><p>Broadcomb 2711<\/p>\t\t\t\t\t\t\t\t<\/div>\n\t\t\t\t<\/div>\n\t\t\t\t\t<\/div>\n\t\t<\/div>\n\t\t\t\t\t<\/div>\n\t\t<\/section>\n\t\t\t\t<\/div>\n\t\t","protected":false},"excerpt":{"rendered":"<p>[hfe_template id=&rsquo;946&prime;] RASPBERRY PI 4 B Alimentation USB-C 2 x Entr\u00e9s Micro HDMI 2k ou 4k Connecteur cam\u00e9ra Pi Connecteur 4 pole vid\u00e9o audio 2 x USB_2 2 x USB_3 Gigabit Ethrtnet Chapeau PoE Pr\u00eat Bus PCIe SD Ram 2, 4, 8 Gig Ram 40 pics GPIO\u00a0 R\u00e9tro compatible pi-3 WIFI &#8211; 2.4 Conecteur SDI [&hellip;]<\/p>\n","protected":false},"author":1,"featured_media":0,"parent":0,"menu_order":0,"comment_status":"closed","ping_status":"closed","template":"","meta":{"footnotes":""},"class_list":["post-844","page","type-page","status-publish","hentry","entry"],"_links":{"self":[{"href":"https:\/\/produczion.com\/index.php?rest_route=\/wp\/v2\/pages\/844","targetHints":{"allow":["GET"]}}],"collection":[{"href":"https:\/\/produczion.com\/index.php?rest_route=\/wp\/v2\/pages"}],"about":[{"href":"https:\/\/produczion.com\/index.php?rest_route=\/wp\/v2\/types\/page"}],"author":[{"embeddable":true,"href":"https:\/\/produczion.com\/index.php?rest_route=\/wp\/v2\/users\/1"}],"replies":[{"embeddable":true,"href":"https:\/\/produczion.com\/index.php?rest_route=%2Fwp%2Fv2%2Fcomments&post=844"}],"version-history":[{"count":13,"href":"https:\/\/produczion.com\/index.php?rest_route=\/wp\/v2\/pages\/844\/revisions"}],"predecessor-version":[{"id":1740,"href":"https:\/\/produczion.com\/index.php?rest_route=\/wp\/v2\/pages\/844\/revisions\/1740"}],"wp:attachment":[{"href":"https:\/\/produczion.com\/index.php?rest_route=%2Fwp%2Fv2%2Fmedia&parent=844"}],"curies":[{"name":"wp","href":"https:\/\/api.w.org\/{rel}","templated":true}]}}