{"id":835,"date":"2022-12-04T23:21:42","date_gmt":"2022-12-04T23:21:42","guid":{"rendered":"https:\/\/produczion.com\/?page_id=835"},"modified":"2024-05-01T13:59:19","modified_gmt":"2024-05-01T13:59:19","slug":"ca_sert_a","status":"publish","type":"page","link":"https:\/\/produczion.com\/?page_id=835","title":{"rendered":"\u00c7A_SERT_\u00c0"},"content":{"rendered":"\t\t<div data-elementor-type=\"wp-page\" data-elementor-id=\"835\" class=\"elementor elementor-835\">\n\t\t\t\t\t\t<section class=\"elementor-section elementor-top-section elementor-element elementor-element-055e68b elementor-section-full_width elementor-section-height-default elementor-section-height-default\" data-id=\"055e68b\" data-element_type=\"section\" data-e-type=\"section\">\n\t\t\t\t\t\t<div class=\"elementor-container elementor-column-gap-default\">\n\t\t\t\t\t<div class=\"elementor-column elementor-col-100 elementor-top-column elementor-element elementor-element-dd8e145\" data-id=\"dd8e145\" data-element_type=\"column\" data-e-type=\"column\">\n\t\t\t<div class=\"elementor-widget-wrap elementor-element-populated\">\n\t\t\t\t\t\t<div class=\"elementor-element elementor-element-c60473d elementor-widget elementor-widget-shortcode\" data-id=\"c60473d\" data-element_type=\"widget\" data-e-type=\"widget\" data-widget_type=\"shortcode.default\">\n\t\t\t\t<div class=\"elementor-widget-container\">\n\t\t\t\t\t\t\t<div class=\"elementor-shortcode\">[hfe_template id='946']<\/div>\n\t\t\t\t\t\t<\/div>\n\t\t\t\t<\/div>\n\t\t\t\t\t<\/div>\n\t\t<\/div>\n\t\t\t\t\t<\/div>\n\t\t<\/section>\n\t\t\t\t<section class=\"elementor-section elementor-top-section elementor-element elementor-element-936df63 elementor-section-boxed elementor-section-height-default elementor-section-height-default\" data-id=\"936df63\" data-element_type=\"section\" data-e-type=\"section\">\n\t\t\t\t\t\t<div class=\"elementor-container elementor-column-gap-default\">\n\t\t\t\t\t<div class=\"elementor-column elementor-col-100 elementor-top-column elementor-element elementor-element-47d73e7\" data-id=\"47d73e7\" data-element_type=\"column\" data-e-type=\"column\">\n\t\t\t<div class=\"elementor-widget-wrap elementor-element-populated\">\n\t\t\t\t\t\t<div class=\"elementor-element elementor-element-e6419cc elementor-widget elementor-widget-spacer\" data-id=\"e6419cc\" data-element_type=\"widget\" data-e-type=\"widget\" data-widget_type=\"spacer.default\">\n\t\t\t\t<div class=\"elementor-widget-container\">\n\t\t\t\t\t\t\t<div class=\"elementor-spacer\">\n\t\t\t<div class=\"elementor-spacer-inner\"><\/div>\n\t\t<\/div>\n\t\t\t\t\t\t<\/div>\n\t\t\t\t<\/div>\n\t\t\t\t\t<\/div>\n\t\t<\/div>\n\t\t\t\t\t<\/div>\n\t\t<\/section>\n\t\t\t\t<section class=\"elementor-section elementor-top-section elementor-element elementor-element-c09d9de elementor-section-boxed elementor-section-height-default elementor-section-height-default\" data-id=\"c09d9de\" data-element_type=\"section\" data-e-type=\"section\">\n\t\t\t\t\t\t<div class=\"elementor-container elementor-column-gap-default\">\n\t\t\t\t\t<div class=\"elementor-column elementor-col-100 elementor-top-column elementor-element elementor-element-8845052\" data-id=\"8845052\" data-element_type=\"column\" data-e-type=\"column\">\n\t\t\t<div class=\"elementor-widget-wrap elementor-element-populated\">\n\t\t\t\t\t\t<div class=\"elementor-element elementor-element-d966a37 elementor-widget elementor-widget-image\" data-id=\"d966a37\" data-element_type=\"widget\" data-e-type=\"widget\" data-widget_type=\"image.default\">\n\t\t\t\t<div class=\"elementor-widget-container\">\n\t\t\t\t\t\t\t\t\t\t\t\t\t\t\t<img fetchpriority=\"high\" decoding=\"async\" width=\"257\" height=\"300\" src=\"https:\/\/produczion.com\/wp-content\/uploads\/2024\/04\/18_framboise-e1714181296921-257x300.png\" class=\"attachment-medium size-medium wp-image-1638\" alt=\"\" srcset=\"https:\/\/produczion.com\/wp-content\/uploads\/2024\/04\/18_framboise-e1714181296921-257x300.png 257w, https:\/\/produczion.com\/wp-content\/uploads\/2024\/04\/18_framboise-e1714181296921.png 521w\" sizes=\"(max-width: 257px) 100vw, 257px\" \/>\t\t\t\t\t\t\t\t\t\t\t\t\t\t\t<\/div>\n\t\t\t\t<\/div>\n\t\t\t\t\t<\/div>\n\t\t<\/div>\n\t\t\t\t\t<\/div>\n\t\t<\/section>\n\t\t\t\t<section class=\"elementor-section elementor-top-section elementor-element elementor-element-232ce74 elementor-section-boxed elementor-section-height-default elementor-section-height-default\" data-id=\"232ce74\" data-element_type=\"section\" data-e-type=\"section\">\n\t\t\t\t\t\t<div class=\"elementor-container elementor-column-gap-default\">\n\t\t\t\t\t<div class=\"elementor-column elementor-col-100 elementor-top-column elementor-element elementor-element-aca4fad\" data-id=\"aca4fad\" data-element_type=\"column\" data-e-type=\"column\">\n\t\t\t<div class=\"elementor-widget-wrap elementor-element-populated\">\n\t\t\t\t\t\t<div class=\"elementor-element elementor-element-dc2323b elementor-widget elementor-widget-heading\" data-id=\"dc2323b\" data-element_type=\"widget\" data-e-type=\"widget\" data-widget_type=\"heading.default\">\n\t\t\t\t<div class=\"elementor-widget-container\">\n\t\t\t\t\t<h2 class=\"elementor-heading-title elementor-size-default\">\u00c7A SERT \u00c0 ...<\/h2>\t\t\t\t<\/div>\n\t\t\t\t<\/div>\n\t\t\t\t\t<\/div>\n\t\t<\/div>\n\t\t\t\t\t<\/div>\n\t\t<\/section>\n\t\t\t\t<section class=\"elementor-section elementor-top-section elementor-element elementor-element-71423d2 elementor-section-boxed elementor-section-height-default elementor-section-height-default\" data-id=\"71423d2\" data-element_type=\"section\" data-e-type=\"section\">\n\t\t\t\t\t\t<div class=\"elementor-container elementor-column-gap-default\">\n\t\t\t\t\t<div class=\"elementor-column elementor-col-100 elementor-top-column elementor-element elementor-element-bbdd60a\" data-id=\"bbdd60a\" data-element_type=\"column\" data-e-type=\"column\">\n\t\t\t<div class=\"elementor-widget-wrap elementor-element-populated\">\n\t\t\t\t\t\t<div class=\"elementor-element elementor-element-5a830f8 elementor-widget elementor-widget-spacer\" data-id=\"5a830f8\" data-element_type=\"widget\" data-e-type=\"widget\" data-widget_type=\"spacer.default\">\n\t\t\t\t<div class=\"elementor-widget-container\">\n\t\t\t\t\t\t\t<div class=\"elementor-spacer\">\n\t\t\t<div class=\"elementor-spacer-inner\"><\/div>\n\t\t<\/div>\n\t\t\t\t\t\t<\/div>\n\t\t\t\t<\/div>\n\t\t\t\t\t<\/div>\n\t\t<\/div>\n\t\t\t\t\t<\/div>\n\t\t<\/section>\n\t\t\t\t<section class=\"elementor-section elementor-top-section elementor-element elementor-element-d97d9eb elementor-section-boxed elementor-section-height-default elementor-section-height-default\" data-id=\"d97d9eb\" data-element_type=\"section\" data-e-type=\"section\">\n\t\t\t\t\t\t<div class=\"elementor-container elementor-column-gap-default\">\n\t\t\t\t\t<div class=\"elementor-column elementor-col-100 elementor-top-column elementor-element elementor-element-d30c68b\" data-id=\"d30c68b\" data-element_type=\"column\" data-e-type=\"column\">\n\t\t\t<div class=\"elementor-widget-wrap elementor-element-populated\">\n\t\t\t\t\t\t<div class=\"elementor-element elementor-element-991d268 elementor-widget elementor-widget-spacer\" data-id=\"991d268\" data-element_type=\"widget\" data-e-type=\"widget\" data-widget_type=\"spacer.default\">\n\t\t\t\t<div class=\"elementor-widget-container\">\n\t\t\t\t\t\t\t<div class=\"elementor-spacer\">\n\t\t\t<div class=\"elementor-spacer-inner\"><\/div>\n\t\t<\/div>\n\t\t\t\t\t\t<\/div>\n\t\t\t\t<\/div>\n\t\t\t\t\t<\/div>\n\t\t<\/div>\n\t\t\t\t\t<\/div>\n\t\t<\/section>\n\t\t\t\t<section class=\"elementor-section elementor-top-section elementor-element elementor-element-a1ec853 elementor-section-boxed elementor-section-height-default elementor-section-height-default\" data-id=\"a1ec853\" data-element_type=\"section\" data-e-type=\"section\">\n\t\t\t\t\t\t<div class=\"elementor-container elementor-column-gap-default\">\n\t\t\t\t\t<div class=\"elementor-column elementor-col-100 elementor-top-column elementor-element elementor-element-5108634\" data-id=\"5108634\" data-element_type=\"column\" data-e-type=\"column\">\n\t\t\t<div class=\"elementor-widget-wrap elementor-element-populated\">\n\t\t\t\t\t\t<div class=\"elementor-element elementor-element-e5c2ddc elementor-widget elementor-widget-text-editor\" data-id=\"e5c2ddc\" data-element_type=\"widget\" data-e-type=\"widget\" data-widget_type=\"text-editor.default\">\n\t\t\t\t<div class=\"elementor-widget-container\">\n\t\t\t\t\t\t\t\t\t<p align=\"justify\"><span style=\"font-family: Arial, sans-serif;\">On peut se servir d\u2019un Raspberry pi pour un usage normal d\u2019un ordinateur, du traitement de texte, en passant par la feuille de calcul et les bases de donn\u00e9es. On peut fureter sur internet, acc\u00e9der au m\u00e9dia sociaux, comme serveur, prendre ses courriels en \u00e9coutant sa musique pr\u00e9f\u00e9r\u00e9e, regarder un film, prendre des photos, tourner une vid\u00e9o ou faire des applications IA.<\/span><\/p><p align=\"justify\"><span style=\"font-family: Arial, sans-serif;\">Nos portables peuvent faire tout \u00e7a, avec plus de rapidit\u00e9, plus de vitesse. Mais l\u00e0 o\u00f9 il se distingue, c\u2019est qu\u2019il poss\u00e8de 40 broches GPIO, un acronyme pour \u00ab General Purpose Input Output \u00bb , qui se traduirait par \u00ab entr\u00e9e et sortie d\u2019usage g\u00e9n\u00e9ral \u00bb. Les broches GPIO nous apportent la connectivit\u00e9 vers un grand nombre de composants qu\u2019il peut contr\u00f4ler par l\u2019entremise de code num\u00e9rique comme le python, le micro python, le c++, pour n\u2019en citer que quelques-uns. Ce code peut \u00eatre produit avec des IDE qui interpr\u00e8tent ce dernier et transmettent les commandes aux composantes.<\/span><\/p>\t\t\t\t\t\t\t\t<\/div>\n\t\t\t\t<\/div>\n\t\t\t\t\t<\/div>\n\t\t<\/div>\n\t\t\t\t\t<\/div>\n\t\t<\/section>\n\t\t\t\t<section class=\"elementor-section elementor-top-section elementor-element elementor-element-2582724 elementor-section-boxed elementor-section-height-default elementor-section-height-default\" data-id=\"2582724\" data-element_type=\"section\" data-e-type=\"section\">\n\t\t\t\t\t\t<div class=\"elementor-container elementor-column-gap-default\">\n\t\t\t\t\t<div class=\"elementor-column elementor-col-100 elementor-top-column elementor-element elementor-element-95ce4c3\" data-id=\"95ce4c3\" data-element_type=\"column\" data-e-type=\"column\">\n\t\t\t<div class=\"elementor-widget-wrap\">\n\t\t\t\t\t\t\t<\/div>\n\t\t<\/div>\n\t\t\t\t\t<\/div>\n\t\t<\/section>\n\t\t\t\t<section class=\"elementor-section elementor-top-section elementor-element elementor-element-6cea275 elementor-section-boxed elementor-section-height-default elementor-section-height-default\" data-id=\"6cea275\" data-element_type=\"section\" data-e-type=\"section\">\n\t\t\t\t\t\t<div class=\"elementor-container elementor-column-gap-default\">\n\t\t\t\t\t<div class=\"elementor-column elementor-col-100 elementor-top-column elementor-element elementor-element-3a561b3\" data-id=\"3a561b3\" data-element_type=\"column\" data-e-type=\"column\">\n\t\t\t<div class=\"elementor-widget-wrap elementor-element-populated\">\n\t\t\t\t\t\t<div class=\"elementor-element elementor-element-21025cd elementor-widget elementor-widget-text-editor\" data-id=\"21025cd\" data-element_type=\"widget\" data-e-type=\"widget\" data-widget_type=\"text-editor.default\">\n\t\t\t\t<div class=\"elementor-widget-container\">\n\t\t\t\t\t\t\t\t\t<p align=\"justify\"><span style=\"font-family: Arial, sans-serif;\">Les broches GPIO du Raspi, sont ind\u00e9pendantes les unes des autres. Elles ont des fonctionnalit\u00e9s qu\u2019ils partagent et d&rsquo;autres qui leurs sont parfois exclusives. En guise d\u2019introduction, quatre d\u2019entre elles sont des alimentations continues, sept d\u2019entre elles sont neutres ou n\u00e9gatives, vingt-sept sont des GPIO qui peuvent \u00eatre d\u00e9di\u00e9s autant aux intrants (inputs) ou qu\u2019aux extrants (outputs)\u00e9lectriques. Certaines broches ont aussi une autre fonction d\u00e9di\u00e9e pour des usages dans des cas particuliers. <\/span><\/p><p align=\"justify\"><span style=\"font-family: Arial, sans-serif;\">Le Raspberry pi OS est le syst\u00e8me d\u2019exploitation propos\u00e9 par la fondation Raspberry pi. Il est d\u00e9velopp\u00e9 sur une plateforme Linux libre et gratuite.L\u2019environnement Linux nous offre des avantages int\u00e9ressants. Il est tr\u00e8s puissant et tr\u00e8s versatile. Ceux qui ma\u00eetrisent ce langage sont des programmeurs redoutables. Conna\u00eetre le langage Linux n\u2019est pas obligatoire, quoi qu\u2019il est tr\u00e8s utile d\u2019en conna\u00eetre certains rudiments. <\/span><\/p><p align=\"justify\"><span style=\"font-family: Arial, sans-serif;\">Le Raspberry pi nous offre l\u2019opportunit\u00e9 d&rsquo;explorer des propri\u00e9t\u00e9s physiques de notre environnement tels que, la temp\u00e9rature, l\u2019humidit\u00e9, la luminance, la distance par \u00e9cho ou par infrarouge, des d\u00e9tecteurs de mouvements, compte tour, lecteur magn\u00e9tique, gyroscope. On peut se servir se servir de son WIFI pour faire des op\u00e9rations \u00e0 distance sur les r\u00e9seaux internet, diff\u00e9rentes interfaces peuvent nous permettre d\u2019allumer des moteurs, dc ou pas a pas, des lumi\u00e8res DEL, des contacteurs, un pl\u00e9iade de senseurs et de interrupteurs, de vibrateur acoustique. Sans compter les \u00e9crans oled, LCD, tactile.<\/span><\/p>\t\t\t\t\t\t\t\t<\/div>\n\t\t\t\t<\/div>\n\t\t\t\t\t<\/div>\n\t\t<\/div>\n\t\t\t\t\t<\/div>\n\t\t<\/section>\n\t\t\t\t<section class=\"elementor-section elementor-top-section elementor-element elementor-element-02fb6cb elementor-section-boxed elementor-section-height-default elementor-section-height-default\" data-id=\"02fb6cb\" data-element_type=\"section\" data-e-type=\"section\">\n\t\t\t\t\t\t<div class=\"elementor-container elementor-column-gap-default\">\n\t\t\t\t\t<div class=\"elementor-column elementor-col-100 elementor-top-column elementor-element elementor-element-c06dfa0\" data-id=\"c06dfa0\" data-element_type=\"column\" data-e-type=\"column\">\n\t\t\t<div class=\"elementor-widget-wrap elementor-element-populated\">\n\t\t\t\t\t\t<div class=\"elementor-element elementor-element-145be3e elementor-widget elementor-widget-text-editor\" data-id=\"145be3e\" data-element_type=\"widget\" data-e-type=\"widget\" data-widget_type=\"text-editor.default\">\n\t\t\t\t<div class=\"elementor-widget-container\">\n\t\t\t\t\t\t\t\t\t<p><a href=\"https:\/\/produczion.com\/?page_id=1094&amp;preview_id=1094&amp;preview_nonce=56618c8022&amp;preview=true\">L&rsquo;IDE<\/a><\/p>\t\t\t\t\t\t\t\t<\/div>\n\t\t\t\t<\/div>\n\t\t\t\t\t<\/div>\n\t\t<\/div>\n\t\t\t\t\t<\/div>\n\t\t<\/section>\n\t\t\t\t<section class=\"elementor-section elementor-top-section elementor-element elementor-element-867760c elementor-section-boxed elementor-section-height-default elementor-section-height-default\" data-id=\"867760c\" data-element_type=\"section\" data-e-type=\"section\">\n\t\t\t\t\t\t<div class=\"elementor-container elementor-column-gap-default\">\n\t\t\t\t\t<div class=\"elementor-column elementor-col-100 elementor-top-column elementor-element elementor-element-0128e60\" data-id=\"0128e60\" data-element_type=\"column\" data-e-type=\"column\">\n\t\t\t<div class=\"elementor-widget-wrap elementor-element-populated\">\n\t\t\t\t\t\t<div class=\"elementor-element elementor-element-149dbd8 elementor-widget elementor-widget-spacer\" data-id=\"149dbd8\" data-element_type=\"widget\" data-e-type=\"widget\" data-widget_type=\"spacer.default\">\n\t\t\t\t<div class=\"elementor-widget-container\">\n\t\t\t\t\t\t\t<div class=\"elementor-spacer\">\n\t\t\t<div class=\"elementor-spacer-inner\"><\/div>\n\t\t<\/div>\n\t\t\t\t\t\t<\/div>\n\t\t\t\t<\/div>\n\t\t\t\t\t<\/div>\n\t\t<\/div>\n\t\t\t\t\t<\/div>\n\t\t<\/section>\n\t\t\t\t<\/div>\n\t\t","protected":false},"excerpt":{"rendered":"<p>[hfe_template id=&rsquo;946&prime;] \u00c7A SERT \u00c0 &#8230; On peut se servir d\u2019un Raspberry pi pour un usage normal d\u2019un ordinateur, du traitement de texte, en passant par la feuille de calcul et les bases de donn\u00e9es. On peut fureter sur internet, acc\u00e9der au m\u00e9dia sociaux, comme serveur, prendre ses courriels en \u00e9coutant sa musique pr\u00e9f\u00e9r\u00e9e, regarder [&hellip;]<\/p>\n","protected":false},"author":1,"featured_media":0,"parent":0,"menu_order":0,"comment_status":"closed","ping_status":"closed","template":"","meta":{"footnotes":""},"class_list":["post-835","page","type-page","status-publish","hentry","entry"],"_links":{"self":[{"href":"https:\/\/produczion.com\/index.php?rest_route=\/wp\/v2\/pages\/835","targetHints":{"allow":["GET"]}}],"collection":[{"href":"https:\/\/produczion.com\/index.php?rest_route=\/wp\/v2\/pages"}],"about":[{"href":"https:\/\/produczion.com\/index.php?rest_route=\/wp\/v2\/types\/page"}],"author":[{"embeddable":true,"href":"https:\/\/produczion.com\/index.php?rest_route=\/wp\/v2\/users\/1"}],"replies":[{"embeddable":true,"href":"https:\/\/produczion.com\/index.php?rest_route=%2Fwp%2Fv2%2Fcomments&post=835"}],"version-history":[{"count":79,"href":"https:\/\/produczion.com\/index.php?rest_route=\/wp\/v2\/pages\/835\/revisions"}],"predecessor-version":[{"id":1759,"href":"https:\/\/produczion.com\/index.php?rest_route=\/wp\/v2\/pages\/835\/revisions\/1759"}],"wp:attachment":[{"href":"https:\/\/produczion.com\/index.php?rest_route=%2Fwp%2Fv2%2Fmedia&parent=835"}],"curies":[{"name":"wp","href":"https:\/\/api.w.org\/{rel}","templated":true}]}}