{"id":1445,"date":"2023-06-07T20:23:14","date_gmt":"2023-06-07T20:23:14","guid":{"rendered":"https:\/\/produczion.com\/?page_id=1445"},"modified":"2024-05-01T15:14:31","modified_gmt":"2024-05-01T15:14:31","slug":"os_raspian","status":"publish","type":"page","link":"https:\/\/produczion.com\/?page_id=1445","title":{"rendered":"OS_RASPIAN"},"content":{"rendered":"\t\t<div data-elementor-type=\"wp-page\" data-elementor-id=\"1445\" class=\"elementor elementor-1445\">\n\t\t\t\t\t\t<section class=\"elementor-section elementor-top-section elementor-element elementor-element-c27f36b elementor-section-boxed elementor-section-height-default elementor-section-height-default\" data-id=\"c27f36b\" data-element_type=\"section\" data-e-type=\"section\">\n\t\t\t\t\t\t<div class=\"elementor-container elementor-column-gap-default\">\n\t\t\t\t\t<div class=\"elementor-column elementor-col-100 elementor-top-column elementor-element elementor-element-7bd5306\" data-id=\"7bd5306\" data-element_type=\"column\" data-e-type=\"column\">\n\t\t\t<div class=\"elementor-widget-wrap elementor-element-populated\">\n\t\t\t\t\t\t<div class=\"elementor-element elementor-element-cc8cd96 elementor-widget__width-inherit elementor-widget elementor-widget-shortcode\" data-id=\"cc8cd96\" data-element_type=\"widget\" data-e-type=\"widget\" data-widget_type=\"shortcode.default\">\n\t\t\t\t<div class=\"elementor-widget-container\">\n\t\t\t\t\t\t\t<div class=\"elementor-shortcode\">[hfe_template id='946']\n<\/div>\n\t\t\t\t\t\t<\/div>\n\t\t\t\t<\/div>\n\t\t\t\t\t<\/div>\n\t\t<\/div>\n\t\t\t\t\t<\/div>\n\t\t<\/section>\n\t\t\t\t<section class=\"elementor-section elementor-top-section elementor-element elementor-element-368da13 elementor-section-boxed elementor-section-height-default elementor-section-height-default\" data-id=\"368da13\" data-element_type=\"section\" data-e-type=\"section\">\n\t\t\t\t\t\t<div class=\"elementor-container elementor-column-gap-default\">\n\t\t\t\t\t<div class=\"elementor-column elementor-col-100 elementor-top-column elementor-element elementor-element-f6886b7\" data-id=\"f6886b7\" data-element_type=\"column\" data-e-type=\"column\">\n\t\t\t<div class=\"elementor-widget-wrap elementor-element-populated\">\n\t\t\t\t\t\t<div class=\"elementor-element elementor-element-34d7659 elementor-widget elementor-widget-spacer\" data-id=\"34d7659\" data-element_type=\"widget\" data-e-type=\"widget\" data-widget_type=\"spacer.default\">\n\t\t\t\t<div class=\"elementor-widget-container\">\n\t\t\t\t\t\t\t<div class=\"elementor-spacer\">\n\t\t\t<div class=\"elementor-spacer-inner\"><\/div>\n\t\t<\/div>\n\t\t\t\t\t\t<\/div>\n\t\t\t\t<\/div>\n\t\t\t\t\t<\/div>\n\t\t<\/div>\n\t\t\t\t\t<\/div>\n\t\t<\/section>\n\t\t\t\t<section class=\"elementor-section elementor-top-section elementor-element elementor-element-9353fc6 elementor-section-boxed elementor-section-height-default elementor-section-height-default\" data-id=\"9353fc6\" data-element_type=\"section\" data-e-type=\"section\">\n\t\t\t\t\t\t<div class=\"elementor-container elementor-column-gap-default\">\n\t\t\t\t\t<div class=\"elementor-column elementor-col-100 elementor-top-column elementor-element elementor-element-4bed5b6\" data-id=\"4bed5b6\" data-element_type=\"column\" data-e-type=\"column\">\n\t\t\t<div class=\"elementor-widget-wrap elementor-element-populated\">\n\t\t\t\t\t\t<div class=\"elementor-element elementor-element-7be5861 elementor-widget elementor-widget-heading\" data-id=\"7be5861\" data-element_type=\"widget\" data-e-type=\"widget\" data-widget_type=\"heading.default\">\n\t\t\t\t<div class=\"elementor-widget-container\">\n\t\t\t\t\t<h2 class=\"elementor-heading-title elementor-size-default\">INSTALATION DE OS DU RASPBERRY PI<\/h2>\t\t\t\t<\/div>\n\t\t\t\t<\/div>\n\t\t\t\t\t<\/div>\n\t\t<\/div>\n\t\t\t\t\t<\/div>\n\t\t<\/section>\n\t\t\t\t<section class=\"elementor-section elementor-top-section elementor-element elementor-element-f7ce308 elementor-section-boxed elementor-section-height-default elementor-section-height-default\" data-id=\"f7ce308\" data-element_type=\"section\" data-e-type=\"section\">\n\t\t\t\t\t\t<div class=\"elementor-container elementor-column-gap-default\">\n\t\t\t\t\t<div class=\"elementor-column elementor-col-100 elementor-top-column elementor-element elementor-element-a1e5f8c\" data-id=\"a1e5f8c\" data-element_type=\"column\" data-e-type=\"column\">\n\t\t\t<div class=\"elementor-widget-wrap elementor-element-populated\">\n\t\t\t\t\t\t<div class=\"elementor-element elementor-element-c435e0b elementor-widget elementor-widget-image\" data-id=\"c435e0b\" data-element_type=\"widget\" data-e-type=\"widget\" data-widget_type=\"image.default\">\n\t\t\t\t<div class=\"elementor-widget-container\">\n\t\t\t\t\t\t\t\t\t\t\t\t\t\t\t<img fetchpriority=\"high\" decoding=\"async\" width=\"257\" height=\"300\" src=\"https:\/\/produczion.com\/wp-content\/uploads\/2024\/04\/18_framboise-e1714181296921-257x300.png\" class=\"attachment-medium size-medium wp-image-1638\" alt=\"\" srcset=\"https:\/\/produczion.com\/wp-content\/uploads\/2024\/04\/18_framboise-e1714181296921-257x300.png 257w, https:\/\/produczion.com\/wp-content\/uploads\/2024\/04\/18_framboise-e1714181296921.png 521w\" sizes=\"(max-width: 257px) 100vw, 257px\" \/>\t\t\t\t\t\t\t\t\t\t\t\t\t\t\t<\/div>\n\t\t\t\t<\/div>\n\t\t\t\t\t<\/div>\n\t\t<\/div>\n\t\t\t\t\t<\/div>\n\t\t<\/section>\n\t\t\t\t<section class=\"elementor-section elementor-top-section elementor-element elementor-element-cd62f97 elementor-section-boxed elementor-section-height-default elementor-section-height-default\" data-id=\"cd62f97\" data-element_type=\"section\" data-e-type=\"section\">\n\t\t\t\t\t\t<div class=\"elementor-container elementor-column-gap-default\">\n\t\t\t\t\t<div class=\"elementor-column elementor-col-100 elementor-top-column elementor-element elementor-element-263368f\" data-id=\"263368f\" data-element_type=\"column\" data-e-type=\"column\">\n\t\t\t<div class=\"elementor-widget-wrap elementor-element-populated\">\n\t\t\t\t\t\t<div class=\"elementor-element elementor-element-e821e4d elementor-widget elementor-widget-text-editor\" data-id=\"e821e4d\" data-element_type=\"widget\" data-e-type=\"widget\" data-widget_type=\"text-editor.default\">\n\t\t\t\t<div class=\"elementor-widget-container\">\n\t\t\t\t\t\t\t\t\t<div><p class=\"western\" align=\"justify\"><span style=\"font-family: Arial, serif;\">Bienvenue \u00e0 mon premier tutoriel.<\/span><\/p><p class=\"western\" align=\"justify\"><span style=\"font-family: Arial, serif;\">1Nous allons pr\u00e9par\u00e9 et install\u00e9 le syst\u00e8me d\u2019opp\u00e9ration sur notre Raspberry Pi. Pour se faire nons exclusivement \u2018pour l\u2019instant\u2019 au Raspberry Pi OS. us allons formater une carte micro SD et t\u00e9l\u00e9charg\u00e9 sur cette carte le syst\u00e8me d\u2019op\u00e9ration. Bien qu\u2019il y ai quelques syst\u00e8me d\u2019op\u00e9ration disponible pour le Raspberry Pi nous nous int\u00e9ressero<\/span><span style=\"font-family: Arial, serif;\">ns <\/span><span style=\"font-family: Arial, serif;\">exclusivement \u2018pour l\u2019instant\u2019 au <\/span>Raspberry Pi OS.\u00a0\u00a0<\/p><\/div>\t\t\t\t\t\t\t\t<\/div>\n\t\t\t\t<\/div>\n\t\t\t\t\t<\/div>\n\t\t<\/div>\n\t\t\t\t\t<\/div>\n\t\t<\/section>\n\t\t\t\t<section class=\"elementor-section elementor-top-section elementor-element elementor-element-909f11a elementor-section-boxed elementor-section-height-default elementor-section-height-default\" data-id=\"909f11a\" data-element_type=\"section\" data-e-type=\"section\">\n\t\t\t\t\t\t<div class=\"elementor-container elementor-column-gap-default\">\n\t\t\t\t\t<div class=\"elementor-column elementor-col-100 elementor-top-column elementor-element elementor-element-115771a\" data-id=\"115771a\" data-element_type=\"column\" data-e-type=\"column\">\n\t\t\t<div class=\"elementor-widget-wrap elementor-element-populated\">\n\t\t\t\t\t\t<div class=\"elementor-element elementor-element-ecbe57a elementor-widget elementor-widget-image\" data-id=\"ecbe57a\" data-element_type=\"widget\" data-e-type=\"widget\" data-widget_type=\"image.default\">\n\t\t\t\t<div class=\"elementor-widget-container\">\n\t\t\t\t\t\t\t\t\t\t\t\t\t\t\t<img decoding=\"async\" width=\"170\" height=\"139\" src=\"https:\/\/produczion.com\/wp-content\/uploads\/2022\/12\/carte_ssd_01-1.png\" class=\"attachment-large size-large wp-image-1160\" alt=\"\" \/>\t\t\t\t\t\t\t\t\t\t\t\t\t\t\t<\/div>\n\t\t\t\t<\/div>\n\t\t\t\t\t<\/div>\n\t\t<\/div>\n\t\t\t\t\t<\/div>\n\t\t<\/section>\n\t\t\t\t<section class=\"elementor-section elementor-top-section elementor-element elementor-element-c38255a elementor-section-boxed elementor-section-height-default elementor-section-height-default\" data-id=\"c38255a\" data-element_type=\"section\" data-e-type=\"section\">\n\t\t\t\t\t\t<div class=\"elementor-container elementor-column-gap-default\">\n\t\t\t\t\t<div class=\"elementor-column elementor-col-100 elementor-top-column elementor-element elementor-element-b6bccd3\" data-id=\"b6bccd3\" data-element_type=\"column\" data-e-type=\"column\">\n\t\t\t<div class=\"elementor-widget-wrap elementor-element-populated\">\n\t\t\t\t\t\t<div class=\"elementor-element elementor-element-f33bc3e elementor-widget elementor-widget-text-editor\" data-id=\"f33bc3e\" data-element_type=\"widget\" data-e-type=\"widget\" data-widget_type=\"text-editor.default\">\n\t\t\t\t<div class=\"elementor-widget-container\">\n\t\t\t\t\t\t\t\t\t<p class=\"western\" align=\"justify\"><span style=\"font-family: Arial, sans-serif;\">2Vous aurez de besoin d\u2019un ordinateur fonctionnel qui a un lecteur de carte micro SD d\u2019une capacit\u00e9 d\u2019au minimum 8Gig pour faire un t\u00e9l\u00e9chargement ou d\u2019un adaptateur micro SD au format de carte SD si vous avez un lecteur de carte SD.<\/span><\/p><p class=\"western\" align=\"justify\"><span style=\"font-family: Arial, sans-serif;\">L\u2019 acronyme SD repr\u00e9sente \u2018Secure Digital\u2019 un format de m\u00e9moire Flash non volatile.<\/span><\/p><p class=\"western\" align=\"justify\"><span style=\"font-family: Arial, sans-serif;\">Pour proc\u00e9d\u00e9 a l\u2019installation du Syst\u00e8me d\u2019op\u00e9ration Raspberry Pi OS, sur cartes Micro SD. <\/span><\/p><p class=\"western\" align=\"justify\"><span style=\"font-family: Arial, sans-serif;\">1 :Si nous avons un lecteur de carte micro SD on doit y introduire La cartes Micro SD. <\/span><\/p><p class=\"western\" align=\"justify\"><span style=\"font-family: Arial, sans-serif;\">Si on a un lecteur de carte SD, on introduit la carte micro SD dans l\u2019adaptateur de carte SD et on l\u2019insert dans le lecteur de carte SD d\u2019un ordinateur fonctionnel, autre que son Raspberry Pi pour, la pr\u00e9par\u00e9. <\/span><\/p>\t\t\t\t\t\t\t\t<\/div>\n\t\t\t\t<\/div>\n\t\t\t\t\t<\/div>\n\t\t<\/div>\n\t\t\t\t\t<\/div>\n\t\t<\/section>\n\t\t\t\t<section class=\"elementor-section elementor-top-section elementor-element elementor-element-339e4ba elementor-section-boxed elementor-section-height-default elementor-section-height-default\" data-id=\"339e4ba\" data-element_type=\"section\" data-e-type=\"section\">\n\t\t\t\t\t\t<div class=\"elementor-container elementor-column-gap-default\">\n\t\t\t\t\t<div class=\"elementor-column elementor-col-100 elementor-top-column elementor-element elementor-element-6ad20d5\" data-id=\"6ad20d5\" data-element_type=\"column\" data-e-type=\"column\">\n\t\t\t<div class=\"elementor-widget-wrap elementor-element-populated\">\n\t\t\t\t\t\t<div class=\"elementor-element elementor-element-555ce84 elementor-widget elementor-widget-image\" data-id=\"555ce84\" data-element_type=\"widget\" data-e-type=\"widget\" data-widget_type=\"image.default\">\n\t\t\t\t<div class=\"elementor-widget-container\">\n\t\t\t\t\t\t\t\t\t\t\t\t\t\t\t<img decoding=\"async\" width=\"200\" height=\"302\" src=\"https:\/\/produczion.com\/wp-content\/uploads\/2023\/06\/microsd_05.png\" class=\"attachment-large size-large wp-image-1455\" alt=\"\" srcset=\"https:\/\/produczion.com\/wp-content\/uploads\/2023\/06\/microsd_05.png 200w, https:\/\/produczion.com\/wp-content\/uploads\/2023\/06\/microsd_05-199x300.png 199w\" sizes=\"(max-width: 200px) 100vw, 200px\" \/>\t\t\t\t\t\t\t\t\t\t\t\t\t\t\t<\/div>\n\t\t\t\t<\/div>\n\t\t\t\t\t<\/div>\n\t\t<\/div>\n\t\t\t\t\t<\/div>\n\t\t<\/section>\n\t\t\t\t<section class=\"elementor-section elementor-top-section elementor-element elementor-element-6a3897d elementor-section-boxed elementor-section-height-default elementor-section-height-default\" data-id=\"6a3897d\" data-element_type=\"section\" data-e-type=\"section\">\n\t\t\t\t\t\t<div class=\"elementor-container elementor-column-gap-default\">\n\t\t\t\t\t<div class=\"elementor-column elementor-col-100 elementor-top-column elementor-element elementor-element-cf9f437\" data-id=\"cf9f437\" data-element_type=\"column\" data-e-type=\"column\">\n\t\t\t<div class=\"elementor-widget-wrap elementor-element-populated\">\n\t\t\t\t\t\t<div class=\"elementor-element elementor-element-92cdee8 elementor-widget elementor-widget-text-editor\" data-id=\"92cdee8\" data-element_type=\"widget\" data-e-type=\"widget\" data-widget_type=\"text-editor.default\">\n\t\t\t\t<div class=\"elementor-widget-container\">\n\t\t\t\t\t\t\t\t\t<p class=\"western\" align=\"justify\"><span style=\"font-family: Arial, sans-serif;\">3 :Rendons nous sur le site au \u2019 raspberrypi.com\u2019. Il nous faut s\u00e9lectionner dans le menu, l\u2019onglet \u2018SOFTWARE\u2019 ou qui se traduit par le mot Logiciel. <\/span><\/p><p class=\"western\" align=\"justify\"><span style=\"font-family: Arial, sans-serif;\">On y propose une vid\u00e9o qui illustre partiellement la proc\u00e9dure. Elle proc\u00e8de sans propos\u00e9 le formatage de la carte mico SD. \u00c7a s\u2019intitule \u2018Watch our 45 second video\u2019 (FR,) Regarder notre vid\u00e9o de 45 secondes.<\/span><\/p>\t\t\t\t\t\t\t\t<\/div>\n\t\t\t\t<\/div>\n\t\t\t\t\t<\/div>\n\t\t<\/div>\n\t\t\t\t\t<\/div>\n\t\t<\/section>\n\t\t\t\t<section class=\"elementor-section elementor-top-section elementor-element elementor-element-fbbe8d1 elementor-section-boxed elementor-section-height-default elementor-section-height-default\" data-id=\"fbbe8d1\" data-element_type=\"section\" data-e-type=\"section\">\n\t\t\t\t\t\t<div class=\"elementor-container elementor-column-gap-default\">\n\t\t\t\t\t<div class=\"elementor-column elementor-col-100 elementor-top-column elementor-element elementor-element-2bd2043\" data-id=\"2bd2043\" data-element_type=\"column\" data-e-type=\"column\">\n\t\t\t<div class=\"elementor-widget-wrap elementor-element-populated\">\n\t\t\t\t\t\t<div class=\"elementor-element elementor-element-0f39adc elementor-widget elementor-widget-image\" data-id=\"0f39adc\" data-element_type=\"widget\" data-e-type=\"widget\" data-widget_type=\"image.default\">\n\t\t\t\t<div class=\"elementor-widget-container\">\n\t\t\t\t\t\t\t\t\t\t\t\t\t\t\t<img loading=\"lazy\" decoding=\"async\" width=\"1024\" height=\"539\" src=\"https:\/\/produczion.com\/wp-content\/uploads\/2023\/06\/pi_imager-1024x539.jpg\" class=\"attachment-large size-large wp-image-1456\" alt=\"\" srcset=\"https:\/\/produczion.com\/wp-content\/uploads\/2023\/06\/pi_imager-1024x539.jpg 1024w, https:\/\/produczion.com\/wp-content\/uploads\/2023\/06\/pi_imager-300x158.jpg 300w, https:\/\/produczion.com\/wp-content\/uploads\/2023\/06\/pi_imager-768x404.jpg 768w, https:\/\/produczion.com\/wp-content\/uploads\/2023\/06\/pi_imager-1536x809.jpg 1536w, https:\/\/produczion.com\/wp-content\/uploads\/2023\/06\/pi_imager.jpg 1926w\" sizes=\"(max-width: 1024px) 100vw, 1024px\" \/>\t\t\t\t\t\t\t\t\t\t\t\t\t\t\t<\/div>\n\t\t\t\t<\/div>\n\t\t\t\t\t<\/div>\n\t\t<\/div>\n\t\t\t\t\t<\/div>\n\t\t<\/section>\n\t\t\t\t<section class=\"elementor-section elementor-top-section elementor-element elementor-element-198fa12 elementor-section-boxed elementor-section-height-default elementor-section-height-default\" data-id=\"198fa12\" data-element_type=\"section\" data-e-type=\"section\">\n\t\t\t\t\t\t<div class=\"elementor-container elementor-column-gap-default\">\n\t\t\t\t\t<div class=\"elementor-column elementor-col-100 elementor-top-column elementor-element elementor-element-fe5e912\" data-id=\"fe5e912\" data-element_type=\"column\" data-e-type=\"column\">\n\t\t\t<div class=\"elementor-widget-wrap\">\n\t\t\t\t\t\t\t<\/div>\n\t\t<\/div>\n\t\t\t\t\t<\/div>\n\t\t<\/section>\n\t\t\t\t<section class=\"elementor-section elementor-top-section elementor-element elementor-element-1a2493b elementor-section-boxed elementor-section-height-default elementor-section-height-default\" data-id=\"1a2493b\" data-element_type=\"section\" data-e-type=\"section\">\n\t\t\t\t\t\t<div class=\"elementor-container elementor-column-gap-default\">\n\t\t\t\t\t<div class=\"elementor-column elementor-col-100 elementor-top-column elementor-element elementor-element-60dc6fd\" data-id=\"60dc6fd\" data-element_type=\"column\" data-e-type=\"column\">\n\t\t\t<div class=\"elementor-widget-wrap elementor-element-populated\">\n\t\t\t\t\t\t<div class=\"elementor-element elementor-element-fa4d441 elementor-widget elementor-widget-text-editor\" data-id=\"fa4d441\" data-element_type=\"widget\" data-e-type=\"widget\" data-widget_type=\"text-editor.default\">\n\t\t\t\t<div class=\"elementor-widget-container\">\n\t\t\t\t\t\t\t\t\t<div>4 Maintenant on doit install\u00e9 \u2018Le Raspberry Pi imager\u2019,<\/div><div>\u00a0C\u2019est un application t\u00e9l\u00e9charg\u00e9 de la page Software, \u2018La page logiciel\u2019, cette derni\u00e8re\u00a0 \u00a0s\u2019installe sur ordinateur que vous utilis\u00e9 maintenant pour t\u00e9l\u00e9charger le syst\u00e8me d\u2019op\u00e9ration .\u00a0<\/div><div>Pour se faire S\u00e9lectionn\u00e9 le syst\u00e8me d\u2019 op\u00e9ration\u00a0 de l\u2019 ordinateur sur le quel vous faite ces op\u00e9rations.\u00a0<\/div><div>Linux, Mac OS, Windows\u00a0\u00a0<\/div><div>\u00a0<\/div><div>Cliquer sur votre s\u00e9lection et un t\u00e9l\u00e9chargement sera initi\u00e9,\u00a0 il vous proposera des s\u00e9lections .<\/div><div>Pour la langue s\u00e9lectionn\u00e9 fran\u00e7ais et accepter jusqu\u2019\u00e0 ce que l\u2019 on vous propose d\u2019ex\u00e9cut\u00e9 imm\u00e9diatement l\u2019application.<\/div><div>Une fenestre intempestive ou \u2018Pop-up\u2019 s\u2019ouvrira avec 3 boutons de s\u00e9lections.<\/div><div>\u00a0<\/div><div>Je vous recommande fortement de d\u2019abord format\u00e9 votre carte au format FAT32. Vous \u00e9vitez ainsi de vous retrouvez avec un format de carte incompatible au syst\u00e8me d\u2019op\u00e9ration.\u00a0<\/div><div>\u00a0<\/div>\t\t\t\t\t\t\t\t<\/div>\n\t\t\t\t<\/div>\n\t\t\t\t<div class=\"elementor-element elementor-element-efd78b4 elementor-widget elementor-widget-image\" data-id=\"efd78b4\" data-element_type=\"widget\" data-e-type=\"widget\" data-widget_type=\"image.default\">\n\t\t\t\t<div class=\"elementor-widget-container\">\n\t\t\t\t\t\t\t\t\t\t\t\t\t\t\t<img loading=\"lazy\" decoding=\"async\" width=\"1024\" height=\"622\" src=\"https:\/\/produczion.com\/wp-content\/uploads\/2023\/06\/03_import_imager-1024x622.jpg\" class=\"attachment-large size-large wp-image-1457\" alt=\"\" srcset=\"https:\/\/produczion.com\/wp-content\/uploads\/2023\/06\/03_import_imager-1024x622.jpg 1024w, https:\/\/produczion.com\/wp-content\/uploads\/2023\/06\/03_import_imager-300x182.jpg 300w, https:\/\/produczion.com\/wp-content\/uploads\/2023\/06\/03_import_imager-768x467.jpg 768w, https:\/\/produczion.com\/wp-content\/uploads\/2023\/06\/03_import_imager.jpg 1234w\" sizes=\"(max-width: 1024px) 100vw, 1024px\" \/>\t\t\t\t\t\t\t\t\t\t\t\t\t\t\t<\/div>\n\t\t\t\t<\/div>\n\t\t\t\t\t<\/div>\n\t\t<\/div>\n\t\t\t\t\t<\/div>\n\t\t<\/section>\n\t\t\t\t<section class=\"elementor-section elementor-top-section elementor-element elementor-element-6310237 elementor-section-boxed elementor-section-height-default elementor-section-height-default\" data-id=\"6310237\" data-element_type=\"section\" data-e-type=\"section\">\n\t\t\t\t\t\t<div class=\"elementor-container elementor-column-gap-default\">\n\t\t\t\t\t<div class=\"elementor-column elementor-col-100 elementor-top-column elementor-element elementor-element-fadc646\" data-id=\"fadc646\" data-element_type=\"column\" data-e-type=\"column\">\n\t\t\t<div class=\"elementor-widget-wrap elementor-element-populated\">\n\t\t\t\t\t\t<div class=\"elementor-element elementor-element-4d07b24 elementor-widget elementor-widget-text-editor\" data-id=\"4d07b24\" data-element_type=\"widget\" data-e-type=\"widget\" data-widget_type=\"text-editor.default\">\n\t\t\t\t<div class=\"elementor-widget-container\">\n\t\t\t\t\t\t\t\t\t<p class=\"western\" align=\"justify\"><span style=\"font-family: Arial, sans-serif;\">Un premier intitul\u00e9 \u2018CHOISISSEZ L\u2019OS\u2019 , un deuxi\u00e8me \u2018CHOISISSEZ LE STOCK\u2019 et un dernier gris\u00e9 \u2018\u00c9CRIRE\u2019 .<\/span><\/p><p class=\"western\" align=\"justify\"><span style=\"font-family: Arial, sans-serif;\">S\u00e9lectionn\u00e9 le bouton \u2018 CHOISISSEZ L\u2019OS\u2019 <\/span><\/p><p class=\"western\" align=\"justify\"><span style=\"font-family: Arial, sans-serif;\">Descendez dans le menu et cliquez sur formater.<\/span><\/p><p class=\"western\" align=\"justify\"><span style=\"font-family: Arial, sans-serif;\">S\u00e9lectionn\u00e9 le bouton \u2018 CHOISISSEZ LE STOCK\u2019 rep\u00e8r\u00e9 votre carte SD, descendez dans le menu et v\u00e9rifier trois fois plut\u00f4t qu\u2019une.<\/span><\/p><p class=\"western\" align=\"justify\"><span style=\"font-family: Arial, sans-serif;\">Elle affiche vos unit\u00e9s de stockages, disque dur, vos barrettes USB, leurs capacit\u00e9 et une lettre d\u2019identification ex : disque C :, D :, lecteur de carte ou barrette USB Etc, leur contenu vous est donn\u00e9 en Gig <\/span><\/p><p class=\"western\" align=\"justify\"><span style=\"font-family: Arial, sans-serif;\">Les valeurs affich\u00e9 de votre micro carte, devait \u00eatre tr\u00e8s proche de : 8, 16, 32, 64, 128, 256\u2026Gig. Si vous n\u2019\u00eates pas sur demand\u00e9 de l\u2019aide apr\u00e8s il pourrait \u00eatre trop tard Formater un disque dur principal efface son contenue et rend l\u2019ordinateur inutilisable<\/span><\/p><p class=\"western\" align=\"justify\"><span style=\"font-family: Arial, sans-serif;\">La s\u00e9lection du troisi\u00e8me bouton devrait \u00eatre possible il prend maintenant une couleur blanche. <\/span><\/p><p class=\"western\" align=\"justify\"><span style=\"font-family: Arial, sans-serif;\">Quand vous \u00eates pr\u00eat sur peser sur formater.<\/span><\/p><p class=\"western\" align=\"justify\"><span style=\"font-family: Arial, sans-serif;\">Maintenant que vous avez pr\u00e9par\u00e9 votre carte en effa\u00e7ant le contenu de la micro carte SD et vous avez format\u00e9 au norme du FAT32, pr\u00eate a recevoir le syst\u00e8me d\u2019op\u00e9ration. <\/span><\/p><p class=\"western\" align=\"justify\"><span style=\"font-family: Arial, sans-serif;\">S\u00e9lectionn\u00e9 le bouton \u2018 CHOISISSEZ L\u2019OS\u2019 descendez dans le menu et cliquez sur \u2018Raspberry Pi OS (32-bit)\u2019<\/span><\/p><p class=\"western\" align=\"justify\"><span style=\"font-family: Arial, sans-serif;\">S\u00e9lectionn\u00e9 le bouton \u2018 CHOISISSEZ LE STOCK\u2019 faite le choix de votre carte SD, descendez dans le menu et cliquez, v\u00e9rifier trois fois plut\u00f4t qu\u2019une elle doit afficher le contenu en Gigs, ex : 8, 16, 32, 64, 128, 256<\/span><\/p><p class=\"western\" align=\"justify\"><span style=\"font-family: Arial, sans-serif;\">Le troisi\u00e8me bouton devrait \u00eatre s\u00e9lectionnable il prend une couleur blanche. <\/span><\/p><p class=\"western\" align=\"justify\"><span style=\"font-family: Arial, sans-serif;\">Quand vous \u00eates sur peser sur \u2018\u00c9crire\u2019.<\/span><\/p><p class=\"western\" align=\"justify\"><span style=\"font-family: Arial, sans-serif;\">Votre carte micro SD est pr\u00eate<\/span><\/p><p class=\"western\" align=\"justify\"><span style=\"color: #ffff00;\"> <span style=\"font-family: Arial, sans-serif;\">___________________________________<\/span><\/span><\/p><p class=\"western\" align=\"justify\"><span style=\"font-family: Arial, sans-serif;\">Pour se faire nous allons sur le site du Raspberry Pi il faut s\u00e9lectionner au menu \u2018SOFTWARE\u2019 logiciel,Un vid\u00e9o illustre la proc\u00e9dure \u2018Watch our 45 second video\u2019, Dans la page s\u00e9lectionn\u00e9 une des options de t\u00e9l\u00e9chargement pour Windows, macOS ou Linux Ubuntu selon l\u2019OS de votre ordinateur. Le t\u00e9l\u00e9chargement de l \u2018installateur d\u00e9marre une fen\u00eatre s\u2019ouvre pour l\u2019installation du logiciel, on accepte les conditions et les suggestions d\u2019installation<\/span><\/p><p class=\"western\" align=\"justify\"><span style=\"font-family: Arial, sans-serif;\">Sous l\u2019onglet Raspberry Pi du menu principal Windows s\u00e9lectionn\u00e9 \u2018Raspberry Pi Imager\u2019 <\/span><\/p><p class=\"western\" align=\"justify\"><span style=\"font-family: Arial, sans-serif;\">Faites d\u00e9roul\u00e9 le menu et s\u00e9lectionn\u00e9 \u2018format\u2019<\/span><\/p><p align=\"justify\">\u00a0<\/p>\t\t\t\t\t\t\t\t<\/div>\n\t\t\t\t<\/div>\n\t\t\t\t\t<\/div>\n\t\t<\/div>\n\t\t\t\t\t<\/div>\n\t\t<\/section>\n\t\t\t\t<\/div>\n\t\t","protected":false},"excerpt":{"rendered":"<p>[hfe_template id=&rsquo;946&prime;] INSTALATION DE OS DU RASPBERRY PI Bienvenue \u00e0 mon premier tutoriel. 1Nous allons pr\u00e9par\u00e9 et install\u00e9 le syst\u00e8me d\u2019opp\u00e9ration sur notre Raspberry Pi. Pour se faire nons exclusivement \u2018pour l\u2019instant\u2019 au Raspberry Pi OS. us allons formater une carte micro SD et t\u00e9l\u00e9charg\u00e9 sur cette carte le syst\u00e8me d\u2019op\u00e9ration. Bien qu\u2019il y ai [&hellip;]<\/p>\n","protected":false},"author":1,"featured_media":0,"parent":0,"menu_order":0,"comment_status":"closed","ping_status":"closed","template":"","meta":{"footnotes":""},"class_list":["post-1445","page","type-page","status-publish","hentry","entry"],"_links":{"self":[{"href":"https:\/\/produczion.com\/index.php?rest_route=\/wp\/v2\/pages\/1445","targetHints":{"allow":["GET"]}}],"collection":[{"href":"https:\/\/produczion.com\/index.php?rest_route=\/wp\/v2\/pages"}],"about":[{"href":"https:\/\/produczion.com\/index.php?rest_route=\/wp\/v2\/types\/page"}],"author":[{"embeddable":true,"href":"https:\/\/produczion.com\/index.php?rest_route=\/wp\/v2\/users\/1"}],"replies":[{"embeddable":true,"href":"https:\/\/produczion.com\/index.php?rest_route=%2Fwp%2Fv2%2Fcomments&post=1445"}],"version-history":[{"count":37,"href":"https:\/\/produczion.com\/index.php?rest_route=\/wp\/v2\/pages\/1445\/revisions"}],"predecessor-version":[{"id":1774,"href":"https:\/\/produczion.com\/index.php?rest_route=\/wp\/v2\/pages\/1445\/revisions\/1774"}],"wp:attachment":[{"href":"https:\/\/produczion.com\/index.php?rest_route=%2Fwp%2Fv2%2Fmedia&parent=1445"}],"curies":[{"name":"wp","href":"https:\/\/api.w.org\/{rel}","templated":true}]}}