{"id":1227,"date":"2023-01-13T17:54:27","date_gmt":"2023-01-13T17:54:27","guid":{"rendered":"https:\/\/produczion.com\/?page_id=1227"},"modified":"2024-05-01T13:50:40","modified_gmt":"2024-05-01T13:50:40","slug":"pico_pi","status":"publish","type":"page","link":"https:\/\/produczion.com\/?page_id=1227","title":{"rendered":"PICO_PI"},"content":{"rendered":"\t\t<div data-elementor-type=\"wp-page\" data-elementor-id=\"1227\" class=\"elementor elementor-1227\">\n\t\t\t\t\t\t<section class=\"elementor-section elementor-top-section elementor-element elementor-element-c5971ee elementor-section-full_width elementor-section-height-default elementor-section-height-default\" data-id=\"c5971ee\" data-element_type=\"section\" data-e-type=\"section\">\n\t\t\t\t\t\t<div class=\"elementor-container elementor-column-gap-default\">\n\t\t\t\t\t<div class=\"elementor-column elementor-col-100 elementor-top-column elementor-element elementor-element-7354bc6\" data-id=\"7354bc6\" data-element_type=\"column\" data-e-type=\"column\">\n\t\t\t<div class=\"elementor-widget-wrap elementor-element-populated\">\n\t\t\t\t\t\t<div class=\"elementor-element elementor-element-a301e67 elementor-widget elementor-widget-shortcode\" data-id=\"a301e67\" data-element_type=\"widget\" data-e-type=\"widget\" data-widget_type=\"shortcode.default\">\n\t\t\t\t<div class=\"elementor-widget-container\">\n\t\t\t\t\t\t\t<div class=\"elementor-shortcode\">[hfe_template id='946']<\/div>\n\t\t\t\t\t\t<\/div>\n\t\t\t\t<\/div>\n\t\t\t\t\t<\/div>\n\t\t<\/div>\n\t\t\t\t\t<\/div>\n\t\t<\/section>\n\t\t\t\t<section class=\"elementor-section elementor-top-section elementor-element elementor-element-9cfacfd elementor-section-boxed elementor-section-height-default elementor-section-height-default\" data-id=\"9cfacfd\" data-element_type=\"section\" data-e-type=\"section\">\n\t\t\t\t\t\t<div class=\"elementor-container elementor-column-gap-default\">\n\t\t\t\t\t<div class=\"elementor-column elementor-col-100 elementor-top-column elementor-element elementor-element-d5cd126\" data-id=\"d5cd126\" data-element_type=\"column\" data-e-type=\"column\">\n\t\t\t<div class=\"elementor-widget-wrap elementor-element-populated\">\n\t\t\t\t\t\t<div class=\"elementor-element elementor-element-15b951a elementor-widget elementor-widget-image\" data-id=\"15b951a\" data-element_type=\"widget\" data-e-type=\"widget\" data-widget_type=\"image.default\">\n\t\t\t\t<div class=\"elementor-widget-container\">\n\t\t\t\t\t\t\t\t\t\t\t\t\t\t\t<img fetchpriority=\"high\" decoding=\"async\" width=\"257\" height=\"300\" src=\"https:\/\/produczion.com\/wp-content\/uploads\/2024\/04\/18_framboise-e1714181296921-257x300.png\" class=\"attachment-medium size-medium wp-image-1638\" alt=\"\" srcset=\"https:\/\/produczion.com\/wp-content\/uploads\/2024\/04\/18_framboise-e1714181296921-257x300.png 257w, https:\/\/produczion.com\/wp-content\/uploads\/2024\/04\/18_framboise-e1714181296921.png 521w\" sizes=\"(max-width: 257px) 100vw, 257px\" \/>\t\t\t\t\t\t\t\t\t\t\t\t\t\t\t<\/div>\n\t\t\t\t<\/div>\n\t\t\t\t\t<\/div>\n\t\t<\/div>\n\t\t\t\t\t<\/div>\n\t\t<\/section>\n\t\t\t\t<section class=\"elementor-section elementor-top-section elementor-element elementor-element-fc3fca1 elementor-section-boxed elementor-section-height-default elementor-section-height-default\" data-id=\"fc3fca1\" data-element_type=\"section\" data-e-type=\"section\">\n\t\t\t\t\t\t<div class=\"elementor-container elementor-column-gap-default\">\n\t\t\t\t\t<div class=\"elementor-column elementor-col-100 elementor-top-column elementor-element elementor-element-fae3bd0\" data-id=\"fae3bd0\" data-element_type=\"column\" data-e-type=\"column\">\n\t\t\t<div class=\"elementor-widget-wrap elementor-element-populated\">\n\t\t\t\t\t\t<div class=\"elementor-element elementor-element-90a23f1 elementor-widget elementor-widget-heading\" data-id=\"90a23f1\" data-element_type=\"widget\" data-e-type=\"widget\" data-widget_type=\"heading.default\">\n\t\t\t\t<div class=\"elementor-widget-container\">\n\t\t\t\t\t<h2 class=\"elementor-heading-title elementor-size-default\">PICO_PI\n<\/h2>\t\t\t\t<\/div>\n\t\t\t\t<\/div>\n\t\t\t\t\t<\/div>\n\t\t<\/div>\n\t\t\t\t\t<\/div>\n\t\t<\/section>\n\t\t\t\t<section class=\"elementor-section elementor-top-section elementor-element elementor-element-6a81738 elementor-section-boxed elementor-section-height-default elementor-section-height-default\" data-id=\"6a81738\" data-element_type=\"section\" data-e-type=\"section\">\n\t\t\t\t\t\t<div class=\"elementor-container elementor-column-gap-default\">\n\t\t\t\t\t<div class=\"elementor-column elementor-col-100 elementor-top-column elementor-element elementor-element-7927d68\" data-id=\"7927d68\" data-element_type=\"column\" data-e-type=\"column\">\n\t\t\t<div class=\"elementor-widget-wrap elementor-element-populated\">\n\t\t\t\t\t\t<div class=\"elementor-element elementor-element-ec139f2 elementor-widget elementor-widget-spacer\" data-id=\"ec139f2\" data-element_type=\"widget\" data-e-type=\"widget\" data-widget_type=\"spacer.default\">\n\t\t\t\t<div class=\"elementor-widget-container\">\n\t\t\t\t\t\t\t<div class=\"elementor-spacer\">\n\t\t\t<div class=\"elementor-spacer-inner\"><\/div>\n\t\t<\/div>\n\t\t\t\t\t\t<\/div>\n\t\t\t\t<\/div>\n\t\t\t\t\t<\/div>\n\t\t<\/div>\n\t\t\t\t\t<\/div>\n\t\t<\/section>\n\t\t\t\t<section class=\"elementor-section elementor-top-section elementor-element elementor-element-509df55 elementor-section-boxed elementor-section-height-default elementor-section-height-default\" data-id=\"509df55\" data-element_type=\"section\" data-e-type=\"section\">\n\t\t\t\t\t\t<div class=\"elementor-container elementor-column-gap-default\">\n\t\t\t\t\t<div class=\"elementor-column elementor-col-100 elementor-top-column elementor-element elementor-element-75941f9\" data-id=\"75941f9\" data-element_type=\"column\" data-e-type=\"column\">\n\t\t\t<div class=\"elementor-widget-wrap elementor-element-populated\">\n\t\t\t\t\t\t<div class=\"elementor-element elementor-element-cecfbd7 elementor-widget elementor-widget-text-editor\" data-id=\"cecfbd7\" data-element_type=\"widget\" data-e-type=\"widget\" data-widget_type=\"text-editor.default\">\n\t\t\t\t<div class=\"elementor-widget-container\">\n\t\t\t\t\t\t\t\t\t<h2>MICROCONTR\u00d4LEUR<\/h2><p align=\"left\"><span style=\"font-family: Liberation Serif, serif;\"><span style=\"font-size: medium;\"><span style=\"font-family: Arial, serif;\">MICROCONTR\u00d4LEUR<\/span><\/span><\/span><\/p><p align=\"justify\"><span style=\"font-family: Arial, serif;\"><span style=\"font-size: medium;\">Le Pico Pi est un <\/span><\/span><span style=\"font-family: Arial, serif;\">microcontr\u00f4leur, il entre<\/span><span style=\"font-family: Arial, serif;\"><span style=\"font-size: medium;\"> dans une cat\u00e9gorie diff\u00e9rente du Raspberry Pi. Il ne poss\u00e8de pas de <\/span><\/span><span style=\"font-family: Arial, serif;\">syst\u00e8me<\/span> <span style=\"font-family: Arial, serif;\">d&rsquo;op\u00e9rations<\/span><span style=\"font-family: Arial, serif;\"><span style=\"font-size: medium;\"> . On lui envoie du code et il l\u2019ex\u00e9cute.<\/span><\/span><\/p><p align=\"justify\"><span style=\"font-family: Arial, serif;\"><span style=\"font-size: medium;\">Il se d\u00e9marque par ses capacit\u00e9s pour l\u2019affichage lumineux , l\u2019internet des objets et les processus manufacturiers.<\/span><\/span><\/p><p align=\"justify\"><span style=\"font-family: Arial, serif;\"><span style=\"font-size: medium;\">Il nous <\/span><\/span><span style=\"font-family: Arial, serif;\">donne<\/span><span style=\"font-family: Arial, serif;\"><span style=\"font-size: medium;\"> des acc\u00e8s de contr\u00f4le sur des applications maison pour nos passe-temps et dans des processus <\/span><\/span><span style=\"font-family: Arial, serif;\">manufacturiers<\/span><span style=\"font-family: Arial, serif;\"><span style=\"font-size: medium;\">. Son prix le rend tr\u00e8s accessible <\/span><\/span><span style=\"font-family: Arial, serif;\">\u00e0 toutes<\/span><span style=\"font-family: Arial, serif;\"><span style=\"font-size: medium;\"> les bourses. Il est <\/span><\/span><span style=\"font-family: Arial, serif;\">programmable<\/span><span style=\"font-family: Arial, serif;\"><span style=\"font-size: medium;\"> en C et en micro python. <\/span><\/span><span style=\"font-family: Arial, serif;\">L<\/span><span style=\"font-family: Arial, serif;\"><span style=\"font-size: medium;\">le Pico Pi est versatile ce qui le rend accessible aux nouveaux codeurs. <\/span><\/span><\/p>\t\t\t\t\t\t\t\t<\/div>\n\t\t\t\t<\/div>\n\t\t\t\t\t<\/div>\n\t\t<\/div>\n\t\t\t\t\t<\/div>\n\t\t<\/section>\n\t\t\t\t<section class=\"elementor-section elementor-top-section elementor-element elementor-element-29616cf elementor-section-boxed elementor-section-height-default elementor-section-height-default\" data-id=\"29616cf\" data-element_type=\"section\" data-e-type=\"section\">\n\t\t\t\t\t\t<div class=\"elementor-container elementor-column-gap-default\">\n\t\t\t\t\t<div class=\"elementor-column elementor-col-100 elementor-top-column elementor-element elementor-element-e11c455\" data-id=\"e11c455\" data-element_type=\"column\" data-e-type=\"column\">\n\t\t\t<div class=\"elementor-widget-wrap elementor-element-populated\">\n\t\t\t\t\t\t<div class=\"elementor-element elementor-element-ca154e0 elementor-widget elementor-widget-image\" data-id=\"ca154e0\" data-element_type=\"widget\" data-e-type=\"widget\" data-widget_type=\"image.default\">\n\t\t\t\t<div class=\"elementor-widget-container\">\n\t\t\t\t\t\t\t\t\t\t\t\t\t\t\t<img decoding=\"async\" width=\"720\" height=\"295\" src=\"https:\/\/produczion.com\/wp-content\/uploads\/2023\/01\/pico_10.png\" class=\"attachment-large size-large wp-image-1260\" alt=\"\" srcset=\"https:\/\/produczion.com\/wp-content\/uploads\/2023\/01\/pico_10.png 720w, https:\/\/produczion.com\/wp-content\/uploads\/2023\/01\/pico_10-300x123.png 300w\" sizes=\"(max-width: 720px) 100vw, 720px\" \/>\t\t\t\t\t\t\t\t\t\t\t\t\t\t\t<\/div>\n\t\t\t\t<\/div>\n\t\t\t\t\t<\/div>\n\t\t<\/div>\n\t\t\t\t\t<\/div>\n\t\t<\/section>\n\t\t\t\t<section class=\"elementor-section elementor-top-section elementor-element elementor-element-085918f elementor-section-boxed elementor-section-height-default elementor-section-height-default\" data-id=\"085918f\" data-element_type=\"section\" data-e-type=\"section\">\n\t\t\t\t\t\t<div class=\"elementor-container elementor-column-gap-default\">\n\t\t\t\t\t<div class=\"elementor-column elementor-col-100 elementor-top-column elementor-element elementor-element-32ca8c1\" data-id=\"32ca8c1\" data-element_type=\"column\" data-e-type=\"column\">\n\t\t\t<div class=\"elementor-widget-wrap elementor-element-populated\">\n\t\t\t\t\t\t<div class=\"elementor-element elementor-element-d9f3f3b elementor-widget elementor-widget-spacer\" data-id=\"d9f3f3b\" data-element_type=\"widget\" data-e-type=\"widget\" data-widget_type=\"spacer.default\">\n\t\t\t\t<div class=\"elementor-widget-container\">\n\t\t\t\t\t\t\t<div class=\"elementor-spacer\">\n\t\t\t<div class=\"elementor-spacer-inner\"><\/div>\n\t\t<\/div>\n\t\t\t\t\t\t<\/div>\n\t\t\t\t<\/div>\n\t\t\t\t\t<\/div>\n\t\t<\/div>\n\t\t\t\t\t<\/div>\n\t\t<\/section>\n\t\t\t\t<section class=\"elementor-section elementor-top-section elementor-element elementor-element-944f47d elementor-section-boxed elementor-section-height-default elementor-section-height-default\" data-id=\"944f47d\" data-element_type=\"section\" data-e-type=\"section\">\n\t\t\t\t\t\t<div class=\"elementor-container elementor-column-gap-default\">\n\t\t\t\t\t<div class=\"elementor-column elementor-col-100 elementor-top-column elementor-element elementor-element-4ec5503\" data-id=\"4ec5503\" data-element_type=\"column\" data-e-type=\"column\">\n\t\t\t<div class=\"elementor-widget-wrap elementor-element-populated\">\n\t\t\t\t\t\t<div class=\"elementor-element elementor-element-5ac95f7 elementor-widget elementor-widget-image\" data-id=\"5ac95f7\" data-element_type=\"widget\" data-e-type=\"widget\" data-widget_type=\"image.default\">\n\t\t\t\t<div class=\"elementor-widget-container\">\n\t\t\t\t\t\t\t\t\t\t\t\t\t\t\t<img decoding=\"async\" width=\"1024\" height=\"612\" src=\"https:\/\/produczion.com\/wp-content\/uploads\/2023\/01\/pico_08-1-1024x612.png\" class=\"attachment-large size-large wp-image-1270\" alt=\"\" srcset=\"https:\/\/produczion.com\/wp-content\/uploads\/2023\/01\/pico_08-1-1024x612.png 1024w, https:\/\/produczion.com\/wp-content\/uploads\/2023\/01\/pico_08-1-300x179.png 300w, https:\/\/produczion.com\/wp-content\/uploads\/2023\/01\/pico_08-1-768x459.png 768w, https:\/\/produczion.com\/wp-content\/uploads\/2023\/01\/pico_08-1.png 1512w\" sizes=\"(max-width: 1024px) 100vw, 1024px\" \/>\t\t\t\t\t\t\t\t\t\t\t\t\t\t\t<\/div>\n\t\t\t\t<\/div>\n\t\t\t\t\t<\/div>\n\t\t<\/div>\n\t\t\t\t\t<\/div>\n\t\t<\/section>\n\t\t\t\t<section class=\"elementor-section elementor-top-section elementor-element elementor-element-b30fe0f elementor-section-boxed elementor-section-height-default elementor-section-height-default\" data-id=\"b30fe0f\" data-element_type=\"section\" data-e-type=\"section\">\n\t\t\t\t\t\t<div class=\"elementor-container elementor-column-gap-default\">\n\t\t\t\t\t<div class=\"elementor-column elementor-col-100 elementor-top-column elementor-element elementor-element-2f58451\" data-id=\"2f58451\" data-element_type=\"column\" data-e-type=\"column\">\n\t\t\t<div class=\"elementor-widget-wrap\">\n\t\t\t\t\t\t\t<\/div>\n\t\t<\/div>\n\t\t\t\t\t<\/div>\n\t\t<\/section>\n\t\t\t\t<section class=\"elementor-section elementor-top-section elementor-element elementor-element-7139ed3 elementor-section-boxed elementor-section-height-default elementor-section-height-default\" data-id=\"7139ed3\" data-element_type=\"section\" data-e-type=\"section\">\n\t\t\t\t\t\t<div class=\"elementor-container elementor-column-gap-default\">\n\t\t\t\t\t<div class=\"elementor-column elementor-col-100 elementor-top-column elementor-element elementor-element-bd2999c\" data-id=\"bd2999c\" data-element_type=\"column\" data-e-type=\"column\">\n\t\t\t<div class=\"elementor-widget-wrap elementor-element-populated\">\n\t\t\t\t\t\t<div class=\"elementor-element elementor-element-9371a28 elementor-widget elementor-widget-image\" data-id=\"9371a28\" data-element_type=\"widget\" data-e-type=\"widget\" data-widget_type=\"image.default\">\n\t\t\t\t<div class=\"elementor-widget-container\">\n\t\t\t\t\t\t\t\t\t\t\t\t\t\t\t<img loading=\"lazy\" decoding=\"async\" width=\"1024\" height=\"759\" src=\"https:\/\/produczion.com\/wp-content\/uploads\/2023\/01\/couleurs_broches_01-1024x759.png\" class=\"attachment-large size-large wp-image-1278\" alt=\"\" srcset=\"https:\/\/produczion.com\/wp-content\/uploads\/2023\/01\/couleurs_broches_01-1024x759.png 1024w, https:\/\/produczion.com\/wp-content\/uploads\/2023\/01\/couleurs_broches_01-300x222.png 300w, https:\/\/produczion.com\/wp-content\/uploads\/2023\/01\/couleurs_broches_01-768x569.png 768w, https:\/\/produczion.com\/wp-content\/uploads\/2023\/01\/couleurs_broches_01.png 1066w\" sizes=\"(max-width: 1024px) 100vw, 1024px\" \/>\t\t\t\t\t\t\t\t\t\t\t\t\t\t\t<\/div>\n\t\t\t\t<\/div>\n\t\t\t\t\t<\/div>\n\t\t<\/div>\n\t\t\t\t\t<\/div>\n\t\t<\/section>\n\t\t\t\t<section class=\"elementor-section elementor-top-section elementor-element elementor-element-92fe128 elementor-section-boxed elementor-section-height-default elementor-section-height-default\" data-id=\"92fe128\" data-element_type=\"section\" data-e-type=\"section\">\n\t\t\t\t\t\t<div class=\"elementor-container elementor-column-gap-default\">\n\t\t\t\t\t<div class=\"elementor-column elementor-col-100 elementor-top-column elementor-element elementor-element-04f2df3\" data-id=\"04f2df3\" data-element_type=\"column\" data-e-type=\"column\">\n\t\t\t<div class=\"elementor-widget-wrap elementor-element-populated\">\n\t\t\t\t\t\t<div class=\"elementor-element elementor-element-845b95c elementor-widget elementor-widget-text-editor\" data-id=\"845b95c\" data-element_type=\"widget\" data-e-type=\"widget\" data-widget_type=\"text-editor.default\">\n\t\t\t\t<div class=\"elementor-widget-container\">\n\t\t\t\t\t\t\t\t\t<p align=\"center\"><span style=\"font-family: Arial, serif;\"><span style=\"font-size: medium;\">UART<\/span><\/span><\/p><p align=\"center\"><span style=\"font-family: Arial, serif;\"><span style=\"font-size: medium;\">UNIVERSAL <\/span><\/span><span style=\"font-family: Arial, serif;\">RECEIVING<\/span><span style=\"font-family: Arial, serif;\"><span style=\"font-size: medium;\"> AND TRANSFERRING PROTOCOL<\/span><\/span><\/p><p align=\"center\"><span style=\"font-family: Arial, serif;\"><span style=\"font-size: medium;\">Protocole de r\u00e9ception et de transfert de donn\u00e9es. Les \u00e9changes entre composantes d\u2019un syst\u00e8me se font par paquet. Ils sont <\/span><\/span><span style=\"font-family: Arial, serif;\">quantifi\u00e9s<\/span><span style=\"font-family: Arial, serif;\"><span style=\"font-size: medium;\">, <\/span><\/span><span style=\"font-family: Arial, serif;\">v\u00e9rifi\u00e9s<\/span><span style=\"font-family: Arial, serif;\"><span style=\"font-size: medium;\">, <\/span><\/span><span style=\"font-family: Arial, serif;\">qualifi\u00e9s<\/span><span style=\"font-family: Arial, serif;\"><span style=\"font-size: medium;\"> et <\/span><\/span><span style=\"font-family: Arial, serif;\">synchronis\u00e9s<\/span><span style=\"font-family: Arial, serif;\"><span style=\"font-size: medium;\"> par des protocoles qui g\u00e8rent les transmissions, <\/span><\/span><span style=\"font-family: Arial, serif;\">attribuent<\/span><span style=\"font-family: Arial, serif;\"><span style=\"font-size: medium;\"> des r\u00f4les. Ex : Les port USB, le contr\u00f4le vocal <\/span><\/span><span style=\"font-family: Arial, serif;\">et <\/span><span style=\"font-family: Arial, serif;\"><span style=\"font-size: medium;\"> les impressions \u2018f\u2019.<\/span><\/span><\/p><p align=\"center\"><span style=\"font-family: Arial, serif;\"><span style=\"font-size: medium;\">SPI<\/span><\/span><\/p><p align=\"center\"><span style=\"font-family: Arial, serif;\"><span style=\"font-size: medium;\">Serial Peripheral Interface<\/span><\/span><\/p><p align=\"center\"><span style=\"font-family: Arial, serif;\"><span style=\"font-size: medium;\">( Interface p\u00e9riph\u00e9rique en s\u00e9rie)<\/span><\/span><\/p><p align=\"center\"><span style=\"font-family: Arial, serif;\"><span style=\"font-size: medium;\">Il sert <\/span><\/span><span style=\"font-family: Arial, serif;\">\u00e0 transmettre<\/span><span style=\"font-family: Arial, serif;\"><span style=\"font-size: medium;\"> des donn\u00e9es entre microcontr\u00f4leurs et des petits <\/span><\/span><span style=\"font-family: Arial, serif;\">p\u00e9riph\u00e9riques<\/span> <span style=\"font-family: Arial, serif;\">tels<\/span><span style=\"font-family: Arial, serif;\"><span style=\"font-size: medium;\"> que les registres \u00e0 d\u00e9calage, des capteurs, et des cartes SD.<\/span><\/span><\/p><p align=\"center\"><span style=\"font-family: Arial, serif;\"><span style=\"font-size: medium;\">I2C<\/span><\/span><\/p><p align=\"center\"><span style=\"font-family: Arial, serif;\"><span style=\"font-size: medium;\">Inter-Integrated Circuit<\/span><\/span><\/p><p align=\"center\"><span style=\"font-family: Arial, serif;\"><span style=\"font-size: medium;\">Circuit Inter-Int\u00e9gr\u00e9<\/span><\/span><\/p><p align=\"center\"><span style=\"font-family: Arial, serif;\"><span style=\"font-size: medium;\">Ce circuit est propos\u00e9 pour permettre la communication \u00e0 plusieurs p\u00e9riph\u00e9riques <\/span><\/span><span style=\"font-family: Arial, serif;\">digitaux<\/span><span style=\"font-family: Arial, serif;\"><span style=\"font-size: medium;\"> les uns avec les autres.<\/span><\/span><\/p><p align=\"center\"><span style=\"font-family: Arial, serif;\"><span style=\"font-size: medium;\">ADC<\/span><\/span><\/p><p align=\"center\"><span style=\"font-family: Arial, serif;\"><span style=\"font-size: medium;\">Analog Digital Converter<\/span><\/span><\/p><p align=\"center\"><span style=\"font-family: Arial, serif;\"><span style=\"font-size: medium;\">Convertisseur Analogue Digital<\/span><\/span><\/p><p align=\"center\"><span style=\"font-family: Arial, serif;\"><span style=\"font-size: medium;\">Ce convertisseur nous permet la lecture d\u2019une source analogique ( ex : potentiom\u00e8tre) en <\/span><\/span><span style=\"font-family: Arial, serif;\">continu<\/span><span style=\"font-family: Arial, serif;\"><span style=\"font-size: medium;\">. Les valeurs de tensions convertie nous sont <\/span><\/span><span style=\"font-family: Arial, serif;\">donn\u00e9es<\/span><span style=\"font-family: Arial, serif;\"><span style=\"font-size: medium;\"> en lecture num\u00e9rique digital par le contr\u00f4leur. Ces valeurs peuvent \u00eatre <\/span><\/span><span style=\"font-family: Arial, serif;\">lues<\/span><span style=\"font-family: Arial, serif;\"><span style=\"font-size: medium;\"> et <\/span><\/span><span style=\"font-family: Arial, serif;\">traduites<\/span><span style=\"font-family: Arial, serif;\"><span style=\"font-size: medium;\"> en valeurs de tension volts.<\/span><\/span><\/p><p align=\"center\"><span style=\"font-family: Arial, serif;\"><span style=\"font-size: medium;\">GP<\/span><\/span><\/p><p align=\"center\"><span style=\"font-family: Arial, serif;\"><span style=\"font-size: medium;\">General purpose<\/span><\/span><\/p><p align=\"center\"><span style=\"font-family: Arial, serif;\"><span style=\"font-size: medium;\">Usage G\u00e9n\u00e9ral<\/span><\/span><\/p><p align=\"center\"><span style=\"font-family: Arial, serif;\"><span style=\"font-size: medium;\">Les broches d\u2019usages <\/span><\/span><span style=\"font-family: Arial, serif;\">g\u00e9n\u00e9rales<\/span><span style=\"font-family: Arial, serif;\"><span style=\"font-size: medium;\"> peuvent \u00eatre <\/span><\/span><span style=\"font-family: Arial, serif;\">programm\u00e9es<\/span><span style=\"font-family: Arial, serif;\"><span style=\"font-size: medium;\"> pour servir <\/span><\/span><span style=\"font-family: Arial, serif;\">d&rsquo;entr\u00e9e<\/span><span style=\"font-family: Arial, serif;\"><span style=\"font-size: medium;\"> ou <\/span><\/span><span style=\"font-family: Arial, serif;\">de sortie.<\/span><span style=\"font-family: Arial, serif;\"><span style=\"font-size: medium;\"> Ils ont parfois un , deux ou trois attributs en plus.Comme les SPI, I2C, ADC et UART.<\/span><\/span><\/p><p align=\"center\"><span style=\"font-family: Arial, serif;\"><span style=\"font-size: medium;\">SW<\/span><\/span><\/p><p align=\"center\"><span style=\"font-family: Arial, serif;\"><span style=\"font-size: medium;\">Serial Wire Debug<\/span><\/span><\/p><p align=\"center\"><span style=\"font-family: Arial, serif;\"><span style=\"font-size: medium;\">Entr\u00e9e pour <\/span><\/span><span style=\"font-family: Arial, serif;\">correction<\/span><span style=\"font-family: Arial, serif;\"><span style=\"font-size: medium;\"> en S\u00e9rie<\/span><\/span><\/p><p align=\"center\"><span style=\"font-family: Arial, serif;\"><span style=\"font-size: medium;\">Entr\u00e9e <\/span><\/span><span style=\"font-family: Arial, serif;\">s\u00e9rie<\/span><span style=\"font-family: Arial, serif;\"><span style=\"font-size: medium;\"> pour corriger et acc\u00e9der aux ports <\/span><\/span><span style=\"font-family: Arial, serif;\">ins\u00e9r\u00e9s<\/span><span style=\"font-family: Arial, serif;\"><span style=\"font-size: medium;\"> dans le <\/span><\/span><span style=\"font-family: Arial, serif;\">silicone<\/span><span style=\"font-family: Arial, serif;\"><span style=\"font-size: medium;\"> des <\/span><\/span><span style=\"font-family: Arial, serif;\">microcontr\u00f4leurs<\/span><span style=\"font-family: Arial, serif;\"><span style=\"font-size: medium;\"> et microprocesseurs ARM<\/span><\/span><\/p>\t\t\t\t\t\t\t\t<\/div>\n\t\t\t\t<\/div>\n\t\t\t\t\t<\/div>\n\t\t<\/div>\n\t\t\t\t\t<\/div>\n\t\t<\/section>\n\t\t\t\t<section class=\"elementor-section elementor-top-section elementor-element elementor-element-9bdf067 elementor-section-boxed elementor-section-height-default elementor-section-height-default\" data-id=\"9bdf067\" data-element_type=\"section\" data-e-type=\"section\">\n\t\t\t\t\t\t<div class=\"elementor-container elementor-column-gap-default\">\n\t\t\t\t\t<div class=\"elementor-column elementor-col-100 elementor-top-column elementor-element elementor-element-4a0996a\" data-id=\"4a0996a\" data-element_type=\"column\" data-e-type=\"column\">\n\t\t\t<div class=\"elementor-widget-wrap\">\n\t\t\t\t\t\t\t<\/div>\n\t\t<\/div>\n\t\t\t\t\t<\/div>\n\t\t<\/section>\n\t\t\t\t<\/div>\n\t\t","protected":false},"excerpt":{"rendered":"<p>[hfe_template id=&rsquo;946&prime;] PICO_PI MICROCONTR\u00d4LEUR MICROCONTR\u00d4LEUR Le Pico Pi est un microcontr\u00f4leur, il entre dans une cat\u00e9gorie diff\u00e9rente du Raspberry Pi. Il ne poss\u00e8de pas de syst\u00e8me d&rsquo;op\u00e9rations . On lui envoie du code et il l\u2019ex\u00e9cute. Il se d\u00e9marque par ses capacit\u00e9s pour l\u2019affichage lumineux , l\u2019internet des objets et les processus manufacturiers. Il nous [&hellip;]<\/p>\n","protected":false},"author":1,"featured_media":0,"parent":0,"menu_order":0,"comment_status":"closed","ping_status":"closed","template":"","meta":{"footnotes":""},"class_list":["post-1227","page","type-page","status-publish","hentry","entry"],"_links":{"self":[{"href":"https:\/\/produczion.com\/index.php?rest_route=\/wp\/v2\/pages\/1227","targetHints":{"allow":["GET"]}}],"collection":[{"href":"https:\/\/produczion.com\/index.php?rest_route=\/wp\/v2\/pages"}],"about":[{"href":"https:\/\/produczion.com\/index.php?rest_route=\/wp\/v2\/types\/page"}],"author":[{"embeddable":true,"href":"https:\/\/produczion.com\/index.php?rest_route=\/wp\/v2\/users\/1"}],"replies":[{"embeddable":true,"href":"https:\/\/produczion.com\/index.php?rest_route=%2Fwp%2Fv2%2Fcomments&post=1227"}],"version-history":[{"count":64,"href":"https:\/\/produczion.com\/index.php?rest_route=\/wp\/v2\/pages\/1227\/revisions"}],"predecessor-version":[{"id":1755,"href":"https:\/\/produczion.com\/index.php?rest_route=\/wp\/v2\/pages\/1227\/revisions\/1755"}],"wp:attachment":[{"href":"https:\/\/produczion.com\/index.php?rest_route=%2Fwp%2Fv2%2Fmedia&parent=1227"}],"curies":[{"name":"wp","href":"https:\/\/api.w.org\/{rel}","templated":true}]}}